{"id":251,"date":"2026-03-03T00:47:21","date_gmt":"2026-03-03T00:47:21","guid":{"rendered":"http:\/\/forohotelerobc.com\/?page_id=251"},"modified":"2026-03-06T01:17:24","modified_gmt":"2026-03-06T01:17:24","slug":"organizador","status":"publish","type":"page","link":"https:\/\/forohotelerobc.com\/en\/organizador\/","title":{"rendered":"Event host"},"content":{"rendered":"<div data-elementor-type=\"wp-page\" data-elementor-id=\"251\" class=\"elementor elementor-251\">\n\t\t\t\t<div class=\"elementor-element elementor-element-257ed5c e-flex e-con-boxed wpr-particle-no wpr-jarallax-no wpr-parallax-no wpr-sticky-section-no e-con e-parent\" data-id=\"257ed5c\" data-element_type=\"container\" data-e-type=\"container\">\n\t\t\t\t\t<div class=\"e-con-inner\">\n\t\t<div class=\"elementor-element elementor-element-d99e701 e-con-full e-flex wpr-particle-no wpr-jarallax-no wpr-parallax-no wpr-sticky-section-no e-con e-child\" data-id=\"d99e701\" data-element_type=\"container\" data-e-type=\"container\">\n\t\t\t\t<div class=\"elementor-element elementor-element-88bfaea elementor-widget elementor-widget-image\" data-id=\"88bfaea\" data-element_type=\"widget\" data-e-type=\"widget\" data-widget_type=\"image.default\">\n\t\t\t\t\t\t\t\t\t\t\t\t\t\t\t<img decoding=\"async\" src=\"https:\/\/static.wixstatic.com\/media\/b7d05d_9536fda887cd499db1f06ea8781f182f~mv2.jpg\/v1\/fill\/w_631,h_550,fp_0.51_0.50,lg_1,q_80,enc_avif,quality_auto\/309155100_5352523094784927_3023227280771248968_n.jpg\" title=\"\" alt=\"\" loading=\"lazy\" \/>\t\t\t\t\t\t\t\t\t\t\t\t\t\t\t<\/div>\n\t\t\t\t<div class=\"elementor-element elementor-element-d539a19 elementor-widget elementor-widget-image\" data-id=\"d539a19\" data-element_type=\"widget\" data-e-type=\"widget\" data-widget_type=\"image.default\">\n\t\t\t\t\t\t\t\t\t\t\t\t\t\t\t<img fetchpriority=\"high\" decoding=\"async\" width=\"615\" height=\"461\" src=\"https:\/\/forohotelerobc.com\/wp-content\/uploads\/2026\/03\/Luis-Bustamante-1.png\" class=\"attachment-full size-full wp-image-347\" alt=\"\" srcset=\"https:\/\/forohotelerobc.com\/wp-content\/uploads\/2026\/03\/Luis-Bustamante-1.png 615w, https:\/\/forohotelerobc.com\/wp-content\/uploads\/2026\/03\/Luis-Bustamante-1-600x450.png 600w, https:\/\/forohotelerobc.com\/wp-content\/uploads\/2026\/03\/Luis-Bustamante-1-300x225.png 300w\" sizes=\"(max-width: 615px) 100vw, 615px\" \/>\t\t\t\t\t\t\t\t\t\t\t\t\t\t\t<\/div>\n\t\t\t\t<\/div>\n\t\t<div class=\"elementor-element elementor-element-e66e6c9 e-con-full e-flex wpr-particle-no wpr-jarallax-no wpr-parallax-no wpr-sticky-section-no e-con e-child\" data-id=\"e66e6c9\" data-element_type=\"container\" data-e-type=\"container\">\n\t\t\t\t<div class=\"elementor-element elementor-element-73eca94 elementor-widget elementor-widget-heading\" data-id=\"73eca94\" data-element_type=\"widget\" data-e-type=\"widget\" data-widget_type=\"heading.default\">\n\t\t\t\t\t<h2 class=\"elementor-heading-title elementor-size-default\">LUIS BUSTAMANTE<\/h2>\t\t\t\t<\/div>\n\t\t\t\t<div class=\"elementor-element elementor-element-527c902 elementor-widget elementor-widget-text-editor\" data-id=\"527c902\" data-element_type=\"widget\" data-e-type=\"widget\" data-widget_type=\"text-editor.default\">\n\t\t\t\t\t\t\t\t\t<p>He is a real estate professional with an outstanding track record in the Baja California market, particularly in the coastal corridor that includes Tijuana, Playas de Rosarito, and Ensenada. Throughout his career, he has specialized in serving developers and investors, focusing on the marketing of large parcels of land and high-impact strategic projects.<\/p>\n<p><\/p>\n<p>Its leadership in the Baja California coastal corridor has established it as a leader in identifying and structuring opportunities for the region\u2019s orderly growth.<\/p>\n<p><\/p>\n<p>With a strategic vision of the market and a deep understanding of its binational dynamics, he drives projects that generate value, added value, and sustainable development.<\/p>\t\t\t\t\t\t\t\t<\/div>\n\t\t\t\t<div class=\"elementor-element elementor-element-69e43f0 elementor-widget elementor-widget-button\" data-id=\"69e43f0\" data-element_type=\"widget\" data-e-type=\"widget\" data-widget_type=\"button.default\">\n\t\t\t\t\t\t\t\t\t\t<a class=\"elementor-button elementor-button-link elementor-size-sm\" href=\"http:\/\/www.bustamantebusinesscenter.com\">\n\t\t\t\t\t\t<span class=\"elementor-button-content-wrapper\">\n\t\t\t\t\t\t\t\t\t<span class=\"elementor-button-text\">MORE FROM LUIS BUSTAMANTE<\/span>\n\t\t\t\t\t<\/span>\n\t\t\t\t\t<\/a>\n\t\t\t\t\t\t\t\t<\/div>\n\t\t\t\t<\/div>\n\t\t\t\t\t<\/div>\n\t\t\t\t<\/div>\n\t\t\t\t<\/div>","protected":false},"excerpt":{"rendered":"<p>LUIS BUSTAMANTE Es un profesional del sector inmobiliario con destacada trayectoria en el mercado de Baja California, especialmente en el corredor costero que integra Tijuana, Playas de Rosarito y Ensenada. A lo largo de su carrera, se ha especializado en la atenci\u00f3n a desarrolladores e inversionistas, enfoc\u00e1ndose en la comercializaci\u00f3n de macroterrenos y proyectos estrat\u00e9gicos de alto impacto. Su liderazgo en el corredor costero de Baja California lo ha posicionado como un referente en la identificaci\u00f3n y estructuraci\u00f3n de oportunidades para el crecimiento ordenado de la regi\u00f3n. Con una visi\u00f3n estrat\u00e9gica del mercado y un profundo conocimiento de su din\u00e1mica binacional, impulsa proyectos que generan valor, plusval\u00eda y desarrollo sostenible. M\u00c1S DE LUIS BUSTAMANTE<\/p>","protected":false},"author":1,"featured_media":0,"parent":0,"menu_order":0,"comment_status":"closed","ping_status":"closed","template":"","meta":{"_uag_custom_page_level_css":"","site-sidebar-layout":"no-sidebar","site-content-layout":"","ast-site-content-layout":"full-width-container","site-content-style":"default","site-sidebar-style":"default","ast-global-header-display":"","ast-banner-title-visibility":"","ast-main-header-display":"","ast-hfb-above-header-display":"","ast-hfb-below-header-display":"","ast-hfb-mobile-header-display":"","site-post-title":"","ast-breadcrumbs-content":"","ast-featured-img":"disabled","footer-sml-layout":"","ast-disable-related-posts":"","theme-transparent-header-meta":"","adv-header-id-meta":"","stick-header-meta":"","header-above-stick-meta":"","header-main-stick-meta":"","header-below-stick-meta":"","astra-migrate-meta-layouts":"default","ast-page-background-enabled":"default","ast-page-background-meta":{"desktop":{"background-color":"var(--ast-global-color-5)","background-image":"","background-repeat":"repeat","background-position":"center center","background-size":"auto","background-attachment":"scroll","background-type":"","background-media":"","overlay-type":"","overlay-color":"","overlay-opacity":"","overlay-gradient":""},"tablet":{"background-color":"","background-image":"","background-repeat":"repeat","background-position":"center center","background-size":"auto","background-attachment":"scroll","background-type":"","background-media":"","overlay-type":"","overlay-color":"","overlay-opacity":"","overlay-gradient":""},"mobile":{"background-color":"","background-image":"","background-repeat":"repeat","background-position":"center center","background-size":"auto","background-attachment":"scroll","background-type":"","background-media":"","overlay-type":"","overlay-color":"","overlay-opacity":"","overlay-gradient":""}},"ast-content-background-meta":{"desktop":{"background-color":"var(--ast-global-color-4)","background-image":"","background-repeat":"repeat","background-position":"center center","background-size":"auto","background-attachment":"scroll","background-type":"","background-media":"","overlay-type":"","overlay-color":"","overlay-opacity":"","overlay-gradient":""},"tablet":{"background-color":"var(--ast-global-color-4)","background-image":"","background-repeat":"repeat","background-position":"center center","background-size":"auto","background-attachment":"scroll","background-type":"","background-media":"","overlay-type":"","overlay-color":"","overlay-opacity":"","overlay-gradient":""},"mobile":{"background-color":"var(--ast-global-color-4)","background-image":"","background-repeat":"repeat","background-position":"center center","background-size":"auto","background-attachment":"scroll","background-type":"","background-media":"","overlay-type":"","overlay-color":"","overlay-opacity":"","overlay-gradient":""}},"footnotes":""},"class_list":["post-251","page","type-page","status-publish","hentry"],"uagb_featured_image_src":{"full":false,"thumbnail":false,"medium":false,"medium_large":false,"large":false,"1536x1536":false,"2048x2048":false,"trp-custom-language-flag":false,"woocommerce_thumbnail":false,"woocommerce_single":false,"woocommerce_gallery_thumbnail":false},"uagb_author_info":{"display_name":"Forobinacional","author_link":"https:\/\/forohotelerobc.com\/en\/author\/forobinacional\/"},"uagb_comment_info":0,"uagb_excerpt":"LUIS BUSTAMANTE Es un profesional del sector inmobiliario con destacada trayectoria en el mercado de Baja California, especialmente en el corredor costero que integra Tijuana, Playas de Rosarito y Ensenada. A lo largo de su carrera, se ha especializado en la atenci\u00f3n a desarrolladores e inversionistas, enfoc\u00e1ndose en la comercializaci\u00f3n de macroterrenos y proyectos estrat\u00e9gicos&hellip;","_links":{"self":[{"href":"https:\/\/forohotelerobc.com\/en\/wp-json\/wp\/v2\/pages\/251","targetHints":{"allow":["GET"]}}],"collection":[{"href":"https:\/\/forohotelerobc.com\/en\/wp-json\/wp\/v2\/pages"}],"about":[{"href":"https:\/\/forohotelerobc.com\/en\/wp-json\/wp\/v2\/types\/page"}],"author":[{"embeddable":true,"href":"https:\/\/forohotelerobc.com\/en\/wp-json\/wp\/v2\/users\/1"}],"replies":[{"embeddable":true,"href":"https:\/\/forohotelerobc.com\/en\/wp-json\/wp\/v2\/comments?post=251"}],"version-history":[{"count":10,"href":"https:\/\/forohotelerobc.com\/en\/wp-json\/wp\/v2\/pages\/251\/revisions"}],"predecessor-version":[{"id":350,"href":"https:\/\/forohotelerobc.com\/en\/wp-json\/wp\/v2\/pages\/251\/revisions\/350"}],"wp:attachment":[{"href":"https:\/\/forohotelerobc.com\/en\/wp-json\/wp\/v2\/media?parent=251"}],"curies":[{"name":"wp","href":"https:\/\/api.w.org\/{rel}","templated":true}]}}