{"id":1001,"date":"2026-04-07T18:53:23","date_gmt":"2026-04-07T18:53:23","guid":{"rendered":"https:\/\/forohotelerobc.com\/?page_id=1001"},"modified":"2026-04-09T17:31:03","modified_gmt":"2026-04-09T17:31:03","slug":"comprar-boletos","status":"publish","type":"page","link":"https:\/\/forohotelerobc.com\/en\/comprar-boletos\/","title":{"rendered":"Comprar boletos"},"content":{"rendered":"<div data-elementor-type=\"wp-page\" data-elementor-id=\"1001\" class=\"elementor elementor-1001\">\n\t\t\t\t<div class=\"elementor-element elementor-element-1ba8315 e-flex e-con-boxed wpr-particle-no wpr-jarallax-no wpr-parallax-no wpr-sticky-section-no e-con e-parent\" data-id=\"1ba8315\" data-element_type=\"container\" data-e-type=\"container\" data-settings=\"{&quot;background_background&quot;:&quot;classic&quot;}\">\n\t\t\t\t\t<div class=\"e-con-inner\">\n\t\t\t\t<div class=\"elementor-element elementor-element-55ecf4d elementor-widget elementor-widget-spacer\" data-id=\"55ecf4d\" data-element_type=\"widget\" data-e-type=\"widget\" data-widget_type=\"spacer.default\">\n\t\t\t\t\t\t\t<div class=\"elementor-spacer\">\n\t\t\t<div class=\"elementor-spacer-inner\"><\/div>\n\t\t<\/div>\n\t\t\t\t\t\t<\/div>\n\t\t<div class=\"elementor-element elementor-element-1ea81fd e-con-full e-flex wpr-particle-no wpr-jarallax-no wpr-parallax-no wpr-sticky-section-no e-con e-child\" data-id=\"1ea81fd\" data-element_type=\"container\" data-e-type=\"container\">\n\t\t\t\t<div class=\"elementor-element elementor-element-317d63a elementor-widget elementor-widget-spacer\" data-id=\"317d63a\" data-element_type=\"widget\" data-e-type=\"widget\" data-widget_type=\"spacer.default\">\n\t\t\t\t\t\t\t<div class=\"elementor-spacer\">\n\t\t\t<div class=\"elementor-spacer-inner\"><\/div>\n\t\t<\/div>\n\t\t\t\t\t\t<\/div>\n\t\t<div class=\"elementor-element elementor-element-0029cb4 e-con-full e-flex wpr-particle-no wpr-jarallax-no wpr-parallax-no wpr-sticky-section-no e-con e-child\" data-id=\"0029cb4\" data-element_type=\"container\" data-e-type=\"container\" data-settings=\"{&quot;background_background&quot;:&quot;classic&quot;}\">\n\t\t\t\t<div class=\"elementor-element elementor-element-4b556ca elementor-widget__width-initial elementor-widget elementor-widget-image\" data-id=\"4b556ca\" data-element_type=\"widget\" data-e-type=\"widget\" data-widget_type=\"image.default\">\n\t\t\t\t\t\t\t\t\t\t\t\t\t\t\t<img fetchpriority=\"high\" decoding=\"async\" width=\"300\" height=\"300\" src=\"https:\/\/forohotelerobc.com\/wp-content\/uploads\/2026\/04\/Foro-Binacional-de-Inversion-Hotelera-icono.jpg\" class=\"attachment-large size-large wp-image-1067\" alt=\"\" srcset=\"https:\/\/forohotelerobc.com\/wp-content\/uploads\/2026\/04\/Foro-Binacional-de-Inversion-Hotelera-icono.jpg 300w, https:\/\/forohotelerobc.com\/wp-content\/uploads\/2026\/04\/Foro-Binacional-de-Inversion-Hotelera-icono-150x150.jpg 150w, https:\/\/forohotelerobc.com\/wp-content\/uploads\/2026\/04\/Foro-Binacional-de-Inversion-Hotelera-icono-12x12.jpg 12w, https:\/\/forohotelerobc.com\/wp-content\/uploads\/2026\/04\/Foro-Binacional-de-Inversion-Hotelera-icono-100x100.jpg 100w\" sizes=\"(max-width: 300px) 100vw, 300px\" \/>\t\t\t\t\t\t\t\t\t\t\t\t\t\t\t<\/div>\n\t\t\t\t<div class=\"elementor-element elementor-element-7644efd elementor-widget-mobile__width-initial elementor-hidden-desktop elementor-hidden-tablet elementor-widget elementor-widget-heading\" data-id=\"7644efd\" data-element_type=\"widget\" data-e-type=\"widget\" data-widget_type=\"heading.default\">\n\t\t\t\t\t<h2 class=\"elementor-heading-title elementor-size-default\">Binational Hospitality Investmet Summit<\/h2>\t\t\t\t<\/div>\n\t\t\t\t<\/div>\n\t\t<div class=\"elementor-element elementor-element-605cdc2 e-con-full e-flex wpr-particle-no wpr-jarallax-no wpr-parallax-no wpr-sticky-section-no e-con e-child\" data-id=\"605cdc2\" data-element_type=\"container\" data-e-type=\"container\">\n\t\t<div class=\"elementor-element elementor-element-b45dce9 e-con-full e-flex wpr-particle-no wpr-jarallax-no wpr-parallax-no wpr-sticky-section-no e-con e-child\" data-id=\"b45dce9\" data-element_type=\"container\" data-e-type=\"container\">\n\t\t\t\t<div class=\"elementor-element elementor-element-3d5d60b elementor-hidden-mobile elementor-widget elementor-widget-heading\" data-id=\"3d5d60b\" data-element_type=\"widget\" data-e-type=\"widget\" data-widget_type=\"heading.default\">\n\t\t\t\t\t<h2 class=\"elementor-heading-title elementor-size-default\">Binational Hospitality Investmet Summit<\/h2>\t\t\t\t<\/div>\n\t\t<div class=\"elementor-element elementor-element-16772ee e-con-full e-flex wpr-particle-no wpr-jarallax-no wpr-parallax-no wpr-sticky-section-no e-con e-child\" data-id=\"16772ee\" data-element_type=\"container\" data-e-type=\"container\">\n\t\t\t\t<div class=\"elementor-element elementor-element-2234ae9 elementor-widget-mobile__width-initial elementor-widget elementor-widget-text-editor\" data-id=\"2234ae9\" data-element_type=\"widget\" data-e-type=\"widget\" data-widget_type=\"text-editor.default\">\n\t\t\t\t\t\t\t\t\tFecha:<br>\n<b>27 agosto, 2026<\/b>\t\t\t\t\t\t\t\t<\/div>\n\t\t\t\t<div class=\"elementor-element elementor-element-9acff72 elementor-widget-mobile__width-initial elementor-widget elementor-widget-text-editor\" data-id=\"9acff72\" data-element_type=\"widget\" data-e-type=\"widget\" data-widget_type=\"text-editor.default\">\n\t\t\t\t\t\t\t\t\tHora:<br>\n<b>8:00 am \u2013 3:00 pm<\/b>\t\t\t\t\t\t\t\t<\/div>\n\t\t\t\t<div class=\"elementor-element elementor-element-69fe851 elementor-widget-mobile__width-initial elementor-widget elementor-widget-text-editor\" data-id=\"69fe851\" data-element_type=\"widget\" data-e-type=\"widget\" data-widget_type=\"text-editor.default\">\n\t\t\t\t\t\t\t\t\tUbicaci\u00f3n:<br>\n<b>Baja California Center<\/b>\t\t\t\t\t\t\t\t<\/div>\n\t\t\t\t<\/div>\n\t\t\t\t<\/div>\n\t\t\t\t<\/div>\n\t\t\t\t<\/div>\n\t\t\t\t<div class=\"elementor-element elementor-element-e467bd3 elementor-widget elementor-widget-spacer\" data-id=\"e467bd3\" data-element_type=\"widget\" data-e-type=\"widget\" data-widget_type=\"spacer.default\">\n\t\t\t\t\t\t\t<div class=\"elementor-spacer\">\n\t\t\t<div class=\"elementor-spacer-inner\"><\/div>\n\t\t<\/div>\n\t\t\t\t\t\t<\/div>\n\t\t\t\t\t<\/div>\n\t\t\t\t<\/div>\n\t\t<div class=\"elementor-element elementor-element-d9206e8 e-flex e-con-boxed wpr-particle-no wpr-jarallax-no wpr-parallax-no wpr-sticky-section-no e-con e-parent\" data-id=\"d9206e8\" data-element_type=\"container\" data-e-type=\"container\" data-settings=\"{&quot;background_background&quot;:&quot;classic&quot;}\">\n\t\t\t\t\t<div class=\"e-con-inner\">\n\t\t\t\t<div class=\"elementor-element elementor-element-52fd3cf elementor-widget elementor-widget-spacer\" data-id=\"52fd3cf\" data-element_type=\"widget\" data-e-type=\"widget\" data-widget_type=\"spacer.default\">\n\t\t\t\t\t\t\t<div class=\"elementor-spacer\">\n\t\t\t<div class=\"elementor-spacer-inner\"><\/div>\n\t\t<\/div>\n\t\t\t\t\t\t<\/div>\n\t\t<div class=\"elementor-element elementor-element-35993d2 e-con-full e-flex wpr-particle-no wpr-jarallax-no wpr-parallax-no wpr-sticky-section-no e-con e-child\" data-id=\"35993d2\" data-element_type=\"container\" data-e-type=\"container\">\n\t\t\t\t<div class=\"elementor-element elementor-element-8440f1d elementor-widget elementor-widget-heading\" data-id=\"8440f1d\" data-element_type=\"widget\" data-e-type=\"widget\" data-widget_type=\"heading.default\">\n\t\t\t\t\t<h2 class=\"elementor-heading-title elementor-size-default\">Adquirir boletos<\/h2>\t\t\t\t<\/div>\n\t\t\t\t<\/div>\n\t\t<div class=\"elementor-element elementor-element-8ffe4d5 e-con-full e-flex wpr-particle-no wpr-jarallax-no wpr-parallax-no wpr-sticky-section-no e-con e-child\" data-id=\"8ffe4d5\" data-element_type=\"container\" data-e-type=\"container\">\n\t\t<div class=\"elementor-element elementor-element-3dc60cb e-con-full e-flex wpr-particle-no wpr-jarallax-no wpr-parallax-no wpr-sticky-section-no e-con e-child\" data-id=\"3dc60cb\" data-element_type=\"container\" data-e-type=\"container\" data-settings=\"{&quot;background_background&quot;:&quot;classic&quot;}\">\n\t\t\t\t<div class=\"elementor-element elementor-element-06bedf3 elementor-widget elementor-widget-heading\" data-id=\"06bedf3\" data-element_type=\"widget\" data-e-type=\"widget\" data-widget_type=\"heading.default\">\n\t\t\t\t\t<h2 class=\"elementor-heading-title elementor-size-default\">Entrada general - asistente<\/h2>\t\t\t\t<\/div>\n\t\t<div class=\"elementor-element elementor-element-eac6eed e-con-full e-flex wpr-particle-no wpr-jarallax-no wpr-parallax-no wpr-sticky-section-no e-con e-child\" data-id=\"eac6eed\" data-element_type=\"container\" data-e-type=\"container\">\n\t\t\t\t<div class=\"elementor-element elementor-element-be4ecf4 elementor-widget elementor-widget-heading\" data-id=\"be4ecf4\" data-element_type=\"widget\" data-e-type=\"widget\" data-widget_type=\"heading.default\">\n\t\t\t\t\t<h2 class=\"elementor-heading-title elementor-size-default\">$2,500 MXN<\/h2>\t\t\t\t<\/div>\n\t\t\t\t<div class=\"elementor-element elementor-element-18935f4 elementor-widget elementor-widget-heading\" data-id=\"18935f4\" data-element_type=\"widget\" data-e-type=\"widget\" data-widget_type=\"heading.default\">\n\t\t\t\t\t<h2 class=\"elementor-heading-title elementor-size-default\">Early Bird: $1,500 MXN<\/h2>\t\t\t\t<\/div>\n\t\t\t\t<\/div>\n\t\t\t\t<div class=\"elementor-element elementor-element-3bcb38d elementor-widget elementor-widget-text-editor\" data-id=\"3bcb38d\" data-element_type=\"widget\" data-e-type=\"widget\" data-widget_type=\"text-editor.default\">\n\t\t\t\t\t\t\t\t\t<ul>\n \t<li>Foro y conferencias<\/li>\n \t<li>Conoce oportunidades de inversi\u00f3n<\/li>\n \t<li>Aprende casos reales del mercado<\/li>\n \t<li>Networking<\/li>\n \t<li>Citas 1 a 1<\/li>\n \t<li>Kit de Bienvenida<\/li>\n \t<li>Comida de Networking<\/li>\n<\/ul>\t\t\t\t\t\t\t\t<\/div>\n\t\t\t\t<\/div>\n\t\t<div class=\"elementor-element elementor-element-f2985a8 e-con-full e-flex wpr-particle-no wpr-jarallax-no wpr-parallax-no wpr-sticky-section-no e-con e-child\" data-id=\"f2985a8\" data-element_type=\"container\" data-e-type=\"container\" data-settings=\"{&quot;background_background&quot;:&quot;classic&quot;}\">\n\t\t\t\t<div class=\"elementor-element elementor-element-9bcc483 elementor-widget elementor-widget-mep-event-add-to-cart-section-widget\" data-id=\"9bcc483\" data-element_type=\"widget\" data-e-type=\"widget\" data-widget_type=\"mep-event-add-to-cart-section-widget.default\">\n\t\t\t\t<div class=\"elementor-widget-container\">\n\t\t\t\t\t\t\t<div class=\"mep-elementor-event-add-to-cart-section-widget\">\r\n\t\t\t        <div class=\"mpwem_style\">                    <div class=\"mpwem_registration_area\">\r\n\t\t\t\t\t\t        <div class=\"date-time-header\">\r\n            <div class=\"ticket-title\">Ticket Options<\/div>\r\n\t\t\t                        <input type=\"hidden\" id=\"mpwem_date_time\" name='mpwem_date_time' value='2026-08-27 09:00'\/>\r\n\t\t\t\t\t        <\/div>\r\n\t\t                        <form action=\"\" method='post' id=\"mpwem_registration\" enctype=\"multipart\/form-data\" data-trp-original-action=\"\">\r\n\t\t\t\t\t\t\t            <div class=\"mpwem_booking_panel\">\r\n                <input type=\"hidden\" name='mpwem_post_id' value='1022'\/>\r\n                <input type=\"hidden\" name='mep_event_start_date[]' value='2026-08-27 09:00'\/>\r\n                <input type=\"hidden\" name='mep_event_location_cart' value='Baja California Center, Carretera Esc\u00e9nica Tijuana Ensenada Ejido No1029 Mazatlan, Playas de Rosarito, BC, 22710'\/>\r\n                <input type=\"hidden\" name='mep_same_attendee' value='no'\/>\r\n\t\t\t\t            <div class=\"mpwem_ticket_type\">\n                <div class=\"card-body\">\n\t\t\t\t\t                                    <div class=\"mep_ticket_item\">\n                                        <div class=\"ticket-data\">\n                                            <div class=\"ticket-info\">\n                                                <div class=\"ticket-name\">Early Bird<\/div>\n\t\t\t\t\t\t\t\t\t\t\t\t\n\t\t\t\t\t\t\t\t\t\t\t\t\n\t\t\t\t\t\t\t\t\t\t\t\t                                            <\/div>\n                                            <div class=\"quantity-control\">\n                                                <input type=\"hidden\" name='option_name[]' value='Early Bird'\/>\n                                                <input type=\"hidden\" name='ticket_type[]' value='Early Bird'\/>\n\t\t\t\t\t\t\t\t\t\t\t\t\t\t\t\t\t\t\t\t\t\t\t\t                        <div class=\"qtyIncDec\">\n                            <div class=\"decQty\">\n                                <i class=\"fas fa-minus\"><\/i>\n                            <\/div>\n                            <label>\n                                <input type=\"text\"\n                                       class=\"formControl inputIncDec number_validation\"\n                                       data-price=\"1500\"\n                                       name=\"option_qty[]\"\n                                       value=\"0\"\n                                       min=\"0\"\n                                       max=\"42\"\n                                       data-min-qty=\"0\"\n                                       readonly\n \/>\n                            <\/label>\n                            <div class=\"incQty\">\n                                <i class=\"fas fa-plus\"><\/i>\n                            <\/div>\n                        <\/div>\n\t\t\t\t\t\t                                            <\/div>\n                                            <div class=\"ticket-price\">\n\t\t\t\t\t\t\t\t\t\t\t\t\t\t\t\t\t\t\t\t\t\t\t\t<span class=\"woocommerce-Price-amount amount\"><bdi><span class=\"woocommerce-Price-currencySymbol\">&#36;<\/span>1,500.00<\/bdi><\/span>\t\t\t\t\t\t\t\t\t\t\t\t                                            <\/div>\n                                        <\/div>\n\t\t\t\t\t\t\t\t\t\t                                    <\/div>\n\t\t\t\t\t\t\t\t\t                <\/div>\n            <\/div>\n\t\t\t\t\t\t\t\t\t\t\t                <div class=\"mpwem_form_submit_area\">\r\n\t\t\t\t\t\t\t\t\t\t<div class=\"mpwem_summery\">\r\n    <div class=\"total\">Total Price :         <span class=\"mpwem_total\">Free<\/span>\r\n    <\/div>\r\n\t        <button type=\"button\" class=\"_button_theme mpwem_book_now\" data-in-cart=\"0\">\r\n            <i class='fa fa-shopping-cart _mr_xs'><\/i>\r\n\t\t\tRegister For This Event        <\/button>\r\n        <button type=\"submit\" name=\"add-to-cart\" value=\"1023\" class=\"dNone mpwem_add_to_cart\">\r\n\t\t\tRegister For This Event        <\/button>\r\n\t<\/div>                <\/div>\r\n            <\/div>\r\n\t\t\t                        <input type=\"hidden\" name=\"trp-form-language\" value=\"en\"\/><\/form>\r\n\t\t\t\t\t\t                    <\/div>\r\n\t\t\t\t\t<\/div>\t\t<\/div>\r\n\t\t\t\t\t\t<\/div>\n\t\t\t\t<\/div>\n\t\t\t\t<\/div>\n\t\t\t\t<\/div>\n\t\t\t\t<div class=\"elementor-element elementor-element-d75c4ad elementor-widget elementor-widget-mep-event-map-widget\" data-id=\"d75c4ad\" data-element_type=\"widget\" data-e-type=\"widget\" data-widget_type=\"mep-event-map-widget.default\">\n\t\t\t\t<div class=\"elementor-widget-container\">\n\t\t\t\t\t                <div class=\"mep-elementor-widget-map\">\r\n\t\t\t\t\t                <div id=\"mpwem_map_area\">\r\n                    <h5 class=\"map_title\">Event Location<\/h5>\r\n                    <div class=\"map_section\">\r\n                        <iframe src=\"https:\/\/maps.google.com\/maps?q=Baja+California+Center%2C+Carretera+Esc%C3%A9nica+Tijuana+Ensenada+Ejido+No1029+Mazatlan%2C+Playas+de+Rosarito%2C+BC%2C+22710&t=&z=17&ie=UTF8&iwloc=&output=embed\" frameborder=\"0\" scrolling=\"no\" marginheight=\"0\" marginwidth=\"0\"><\/iframe>\r\n                    <\/div>\r\n                <\/div>\r\n\t\t\t\t                <\/div>\r\n\t\t\t\t\t\t\t\t<\/div>\n\t\t\t\t<\/div>\n\t\t\t\t<div class=\"elementor-element elementor-element-6a2e7d9 elementor-widget elementor-widget-mep-event-share-btn-widget\" data-id=\"6a2e7d9\" data-element_type=\"widget\" data-e-type=\"widget\" data-widget_type=\"mep-event-share-btn-widget.default\">\n\t\t\t\t<div class=\"elementor-widget-container\">\n\t\t\t\t\t                <div class=\"mep-default-share-btn mep-elementor-widget-share-btn\">\r\n\t\t\t\t\t        <div class=\"share_widgets\">\r\n            <h5 class=\"share_widgets_title\">Share This Event<\/h5>\r\n            <ul class=\"share_widgets_list\">\r\n\t\t\t\t                <li><a class=\"facebook\" onclick=\"window.open('https:\/\/www.facebook.com\/sharer.php?u=https:\/\/forohotelerobc.com\/en\/events\/foro-binacional-de-inversion-hotelera\/','Facebook','width=600,height=300,left='+(screen.availWidth\/2-300)+',top='+(screen.availHeight\/2-150)+''); return false;\" href=\"http:\/\/www.facebook.com\/sharer.php?u=https:\/\/forohotelerobc.com\/en\/events\/foro-binacional-de-inversion-hotelera\/\" data-original-title=\"Share on Facebook\"><i class=\"fab fa-facebook-f\"><\/i><\/a><\/li>\r\n                <li><a class=\"twitter\" onclick=\"window.open('https:\/\/twitter.com\/share?url=https:\/\/forohotelerobc.com\/en\/events\/foro-binacional-de-inversion-hotelera\/&amp;text=Foro Binacional de Inversi\u00f3n Hotelera','Twitter share','width=600,height=300,left='+(screen.availWidth\/2-300)+',top='+(screen.availHeight\/2-150)+''); return false;\" href=\"http:\/\/twitter.com\/share?url=https:\/\/forohotelerobc.com\/en\/events\/foro-binacional-de-inversion-hotelera\/&amp;text=Foro Binacional de Inversi\u00f3n Hotelera\" data-original-title=\"Twittet it\"><i class=\"fab fa-x-twitter\"><\/i><\/a><\/li>\r\n                <li><a class=\"linkedin\" href=\"https:\/\/www.linkedin.com\/shareArticle?mini=true&url=https:\/\/forohotelerobc.com\/en\/events\/foro-binacional-de-inversion-hotelera\/&title=Foro Binacional de Inversi\u00f3n Hotelera &summary=Una plataforma estrat\u00e9gica dise\u00f1ada para detonar nuevas oportunidades de inversi\u00f3n en el sector hotelero, fomentar el desarrollo econ\u00f3mico regional y elevar los est\u00e1ndares de profesionalizaci\u00f3n en la industria&source=web\" target=\"_blank\"> <i class=\"fab fa-linkedin\"><\/i><\/a><\/li>\r\n                <li><a class=\"whatsapp\" href=\"https:\/\/api.whatsapp.com\/send?text=Foro Binacional de Inversi\u00f3n Hotelera https:\/\/forohotelerobc.com\/en\/events\/foro-binacional-de-inversion-hotelera\/\" target=\"_blank\"> <i class=\"fab fa-whatsapp\"><\/i> <\/a><\/li>\r\n                <li><a class=\"email\" href=\"mailto:?subject=I wanted you to see this site&amp;body=Foro Binacional de Inversi\u00f3n Hotelera https:\/\/forohotelerobc.com\/en\/events\/foro-binacional-de-inversion-hotelera\/\" title=\"Share by Email\"> <i class=\"fa fa-envelope\"><\/i> <\/a><\/li>\r\n            <\/ul>\r\n        <\/div>\r\n\t\t                <\/div>\r\n\t\t\t\t\t\t\t\t<\/div>\n\t\t\t\t<\/div>\n\t\t\t\t<div class=\"elementor-element elementor-element-104596e elementor-widget elementor-widget-spacer\" data-id=\"104596e\" data-element_type=\"widget\" data-e-type=\"widget\" data-widget_type=\"spacer.default\">\n\t\t\t\t\t\t\t<div class=\"elementor-spacer\">\n\t\t\t<div class=\"elementor-spacer-inner\"><\/div>\n\t\t<\/div>\n\t\t\t\t\t\t<\/div>\n\t\t\t\t\t<\/div>\n\t\t\t\t<\/div>\n\t\t\t\t<\/div>","protected":false},"excerpt":{"rendered":"<p>Foro Binacional de Inversi\u00f3n Hotelera Foro Binacional de Inversi\u00f3n Hotelera Fecha: 27 agosto, 2026Hora: 8:00 am \u2013 3:00 pmUbicaci\u00f3n: Baja California Center Adquirir boletos Entrada general &#8211; asistente $2,500 MXN Early Bird: $1,500 MXN Foro y conferencias Conoce oportunidades de inversi\u00f3n Aprende casos reales del mercado Networking Citas 1 a 1 Kit de Bienvenida Comida de Networking Ticket Options Early Bird &#36;1,500.00 Total Price : Free Register For This Event Register For This Event Event Location Share This Event<\/p>","protected":false},"author":1,"featured_media":0,"parent":0,"menu_order":0,"comment_status":"closed","ping_status":"closed","template":"","meta":{"_uag_custom_page_level_css":"","site-sidebar-layout":"no-sidebar","site-content-layout":"","ast-site-content-layout":"full-width-container","site-content-style":"default","site-sidebar-style":"default","ast-global-header-display":"","ast-banner-title-visibility":"","ast-main-header-display":"","ast-hfb-above-header-display":"","ast-hfb-below-header-display":"","ast-hfb-mobile-header-display":"","site-post-title":"","ast-breadcrumbs-content":"","ast-featured-img":"disabled","footer-sml-layout":"","ast-disable-related-posts":"","theme-transparent-header-meta":"","adv-header-id-meta":"","stick-header-meta":"","header-above-stick-meta":"","header-main-stick-meta":"","header-below-stick-meta":"","astra-migrate-meta-layouts":"default","ast-page-background-enabled":"default","ast-page-background-meta":{"desktop":{"background-color":"var(--ast-global-color-5)","background-image":"","background-repeat":"repeat","background-position":"center center","background-size":"auto","background-attachment":"scroll","background-type":"","background-media":"","overlay-type":"","overlay-color":"","overlay-opacity":"","overlay-gradient":""},"tablet":{"background-color":"","background-image":"","background-repeat":"repeat","background-position":"center center","background-size":"auto","background-attachment":"scroll","background-type":"","background-media":"","overlay-type":"","overlay-color":"","overlay-opacity":"","overlay-gradient":""},"mobile":{"background-color":"","background-image":"","background-repeat":"repeat","background-position":"center center","background-size":"auto","background-attachment":"scroll","background-type":"","background-media":"","overlay-type":"","overlay-color":"","overlay-opacity":"","overlay-gradient":""}},"ast-content-background-meta":{"desktop":{"background-color":"var(--ast-global-color-4)","background-image":"","background-repeat":"repeat","background-position":"center center","background-size":"auto","background-attachment":"scroll","background-type":"","background-media":"","overlay-type":"","overlay-color":"","overlay-opacity":"","overlay-gradient":""},"tablet":{"background-color":"var(--ast-global-color-4)","background-image":"","background-repeat":"repeat","background-position":"center center","background-size":"auto","background-attachment":"scroll","background-type":"","background-media":"","overlay-type":"","overlay-color":"","overlay-opacity":"","overlay-gradient":""},"mobile":{"background-color":"var(--ast-global-color-4)","background-image":"","background-repeat":"repeat","background-position":"center center","background-size":"auto","background-attachment":"scroll","background-type":"","background-media":"","overlay-type":"","overlay-color":"","overlay-opacity":"","overlay-gradient":""}},"footnotes":""},"class_list":["post-1001","page","type-page","status-publish","hentry"],"uagb_featured_image_src":{"full":false,"thumbnail":false,"medium":false,"medium_large":false,"large":false,"1536x1536":false,"2048x2048":false,"trp-custom-language-flag":false,"woocommerce_thumbnail":false,"woocommerce_single":false,"woocommerce_gallery_thumbnail":false},"uagb_author_info":{"display_name":"Forobinacional","author_link":"https:\/\/forohotelerobc.com\/en\/author\/forobinacional\/"},"uagb_comment_info":0,"uagb_excerpt":"Foro Binacional de Inversi\u00f3n Hotelera Foro Binacional de Inversi\u00f3n Hotelera Fecha: 27 agosto, 2026Hora: 8:00 am \u2013 3:00 pmUbicaci\u00f3n: Baja California Center Adquirir boletos Entrada general &#8211; asistente $2,500 MXN Early Bird: $1,500 MXN Foro y conferencias Conoce oportunidades de inversi\u00f3n Aprende casos reales del mercado Networking Citas 1 a 1 Kit de Bienvenida Comida&hellip;","_links":{"self":[{"href":"https:\/\/forohotelerobc.com\/en\/wp-json\/wp\/v2\/pages\/1001","targetHints":{"allow":["GET"]}}],"collection":[{"href":"https:\/\/forohotelerobc.com\/en\/wp-json\/wp\/v2\/pages"}],"about":[{"href":"https:\/\/forohotelerobc.com\/en\/wp-json\/wp\/v2\/types\/page"}],"author":[{"embeddable":true,"href":"https:\/\/forohotelerobc.com\/en\/wp-json\/wp\/v2\/users\/1"}],"replies":[{"embeddable":true,"href":"https:\/\/forohotelerobc.com\/en\/wp-json\/wp\/v2\/comments?post=1001"}],"version-history":[{"count":126,"href":"https:\/\/forohotelerobc.com\/en\/wp-json\/wp\/v2\/pages\/1001\/revisions"}],"predecessor-version":[{"id":1316,"href":"https:\/\/forohotelerobc.com\/en\/wp-json\/wp\/v2\/pages\/1001\/revisions\/1316"}],"wp:attachment":[{"href":"https:\/\/forohotelerobc.com\/en\/wp-json\/wp\/v2\/media?parent=1001"}],"curies":[{"name":"wp","href":"https:\/\/api.w.org\/{rel}","templated":true}]}}